
 {"id":7487,"date":"2023-01-05T15:22:46","date_gmt":"2023-01-05T13:22:46","guid":{"rendered":"https:\/\/sepsifood.ro\/produs\/apa-minerala-dorna-500-ml\/"},"modified":"2024-04-19T10:57:51","modified_gmt":"2024-04-19T07:57:51","slug":"apa-minerala-dorna-500-ml","status":"publish","type":"product","link":"https:\/\/sepsifood.ro\/ro\/produs\/apa-minerala-dorna-500-ml\/","title":{"rendered":"Ap\u0103 Mineral\u0103 Dorna 500 ml"},"content":{"rendered":"","protected":false},"excerpt":{"rendered":"<p>ap\u0103 mineral\u0103 carbogazoas\u0103 [&#8230;]<\/p>\n<p><a class=\"btn btn-secondary understrap-read-more-link\" href=\"https:\/\/sepsifood.ro\/ro\/produs\/apa-minerala-dorna-500-ml\/\">Citeste mai multe<\/a><\/p>\n","protected":false},"featured_media":7742,"template":"","meta":{"_acf_changed":false},"product_brand":[],"product_cat":[34],"product_tag":[],"class_list":{"0":"post-7487","1":"product","2":"type-product","3":"status-publish","4":"has-post-thumbnail","6":"product_cat-bauturi","8":"first","9":"instock","10":"shipping-taxable","11":"purchasable","12":"product-type-simple"},"acf":[],"yoast_head":"<!-- This site is optimized with the Yoast SEO plugin v27.4 - https:\/\/yoast.com\/product\/yoast-seo-wordpress\/ -->\n<title>Ap\u0103 Mineral\u0103 Dorna 500 ml - Sepsifood<\/title>\n<meta name=\"robots\" content=\"index, follow, max-snippet:-1, max-image-preview:large, max-video-preview:-1\" \/>\n<link rel=\"canonical\" href=\"https:\/\/sepsifood.ro\/ro\/produs\/apa-minerala-dorna-500-ml\/\" \/>\n<meta property=\"og:locale\" content=\"ro_RO\" \/>\n<meta property=\"og:type\" content=\"article\" \/>\n<meta property=\"og:title\" content=\"Ap\u0103 Mineral\u0103 Dorna 500 ml - Sepsifood\" \/>\n<meta property=\"og:description\" content=\"ap\u0103 mineral\u0103 carbogazoas\u0103 [...]Citeste mai multe\" \/>\n<meta property=\"og:url\" content=\"https:\/\/sepsifood.ro\/ro\/produs\/apa-minerala-dorna-500-ml\/\" \/>\n<meta property=\"og:site_name\" content=\"Sepsifood\" \/>\n<meta property=\"article:modified_time\" content=\"2024-04-19T07:57:51+00:00\" \/>\n<meta property=\"og:image\" content=\"https:\/\/sepsifood.ro\/wp-content\/uploads\/2023\/01\/apa-dorna-minerala-500ml.jpg\" \/>\n\t<meta property=\"og:image:width\" content=\"600\" \/>\n\t<meta property=\"og:image:height\" content=\"600\" \/>\n\t<meta property=\"og:image:type\" content=\"image\/jpeg\" \/>\n<meta name=\"twitter:card\" content=\"summary_large_image\" \/>\n<script type=\"application\/ld+json\" class=\"yoast-schema-graph\">{\"@context\":\"https:\\\/\\\/schema.org\",\"@graph\":[{\"@type\":\"WebPage\",\"@id\":\"https:\\\/\\\/sepsifood.ro\\\/ro\\\/produs\\\/apa-minerala-dorna-500-ml\\\/\",\"url\":\"https:\\\/\\\/sepsifood.ro\\\/ro\\\/produs\\\/apa-minerala-dorna-500-ml\\\/\",\"name\":\"Ap\u0103 Mineral\u0103 Dorna 500 ml - Sepsifood\",\"isPartOf\":{\"@id\":\"https:\\\/\\\/sepsifood.ro\\\/ro\\\/#website\"},\"primaryImageOfPage\":{\"@id\":\"https:\\\/\\\/sepsifood.ro\\\/ro\\\/produs\\\/apa-minerala-dorna-500-ml\\\/#primaryimage\"},\"image\":{\"@id\":\"https:\\\/\\\/sepsifood.ro\\\/ro\\\/produs\\\/apa-minerala-dorna-500-ml\\\/#primaryimage\"},\"thumbnailUrl\":\"https:\\\/\\\/sepsifood.ro\\\/wp-content\\\/uploads\\\/2023\\\/01\\\/apa-dorna-minerala-500ml.jpg\",\"datePublished\":\"2023-01-05T13:22:46+00:00\",\"dateModified\":\"2024-04-19T07:57:51+00:00\",\"breadcrumb\":{\"@id\":\"https:\\\/\\\/sepsifood.ro\\\/ro\\\/produs\\\/apa-minerala-dorna-500-ml\\\/#breadcrumb\"},\"inLanguage\":\"ro-RO\",\"potentialAction\":[{\"@type\":\"ReadAction\",\"target\":[\"https:\\\/\\\/sepsifood.ro\\\/ro\\\/produs\\\/apa-minerala-dorna-500-ml\\\/\"]}]},{\"@type\":\"ImageObject\",\"inLanguage\":\"ro-RO\",\"@id\":\"https:\\\/\\\/sepsifood.ro\\\/ro\\\/produs\\\/apa-minerala-dorna-500-ml\\\/#primaryimage\",\"url\":\"https:\\\/\\\/sepsifood.ro\\\/wp-content\\\/uploads\\\/2023\\\/01\\\/apa-dorna-minerala-500ml.jpg\",\"contentUrl\":\"https:\\\/\\\/sepsifood.ro\\\/wp-content\\\/uploads\\\/2023\\\/01\\\/apa-dorna-minerala-500ml.jpg\",\"width\":600,\"height\":600},{\"@type\":\"BreadcrumbList\",\"@id\":\"https:\\\/\\\/sepsifood.ro\\\/ro\\\/produs\\\/apa-minerala-dorna-500-ml\\\/#breadcrumb\",\"itemListElement\":[{\"@type\":\"ListItem\",\"position\":1,\"name\":\"Home\",\"item\":\"https:\\\/\\\/sepsifood.ro\\\/ro\\\/\"},{\"@type\":\"ListItem\",\"position\":2,\"name\":\"Produse\",\"item\":\"https:\\\/\\\/sepsifood.ro\\\/ro\\\/shop\\\/\"},{\"@type\":\"ListItem\",\"position\":3,\"name\":\"Ap\u0103 Mineral\u0103 Dorna 500 ml\"}]},{\"@type\":\"WebSite\",\"@id\":\"https:\\\/\\\/sepsifood.ro\\\/ro\\\/#website\",\"url\":\"https:\\\/\\\/sepsifood.ro\\\/ro\\\/\",\"name\":\"Sepsifood\",\"description\":\"\",\"publisher\":{\"@id\":\"https:\\\/\\\/sepsifood.ro\\\/ro\\\/#organization\"},\"potentialAction\":[{\"@type\":\"SearchAction\",\"target\":{\"@type\":\"EntryPoint\",\"urlTemplate\":\"https:\\\/\\\/sepsifood.ro\\\/ro\\\/?s={search_term_string}\"},\"query-input\":{\"@type\":\"PropertyValueSpecification\",\"valueRequired\":true,\"valueName\":\"search_term_string\"}}],\"inLanguage\":\"ro-RO\"},{\"@type\":\"Organization\",\"@id\":\"https:\\\/\\\/sepsifood.ro\\\/ro\\\/#organization\",\"name\":\"Sepsifood\",\"url\":\"https:\\\/\\\/sepsifood.ro\\\/ro\\\/\",\"logo\":{\"@type\":\"ImageObject\",\"inLanguage\":\"ro-RO\",\"@id\":\"https:\\\/\\\/sepsifood.ro\\\/ro\\\/#\\\/schema\\\/logo\\\/image\\\/\",\"url\":\"https:\\\/\\\/sepsifood.ro\\\/wp-content\\\/uploads\\\/2023\\\/04\\\/Sepsifood-Logo-removebg-preview_new.png\",\"contentUrl\":\"https:\\\/\\\/sepsifood.ro\\\/wp-content\\\/uploads\\\/2023\\\/04\\\/Sepsifood-Logo-removebg-preview_new.png\",\"width\":200,\"height\":200,\"caption\":\"Sepsifood\"},\"image\":{\"@id\":\"https:\\\/\\\/sepsifood.ro\\\/ro\\\/#\\\/schema\\\/logo\\\/image\\\/\"}}]}<\/script>\n<!-- \/ Yoast SEO plugin. -->","yoast_head_json":{"title":"Ap\u0103 Mineral\u0103 Dorna 500 ml - Sepsifood","robots":{"index":"index","follow":"follow","max-snippet":"max-snippet:-1","max-image-preview":"max-image-preview:large","max-video-preview":"max-video-preview:-1"},"canonical":"https:\/\/sepsifood.ro\/ro\/produs\/apa-minerala-dorna-500-ml\/","og_locale":"ro_RO","og_type":"article","og_title":"Ap\u0103 Mineral\u0103 Dorna 500 ml - Sepsifood","og_description":"ap\u0103 mineral\u0103 carbogazoas\u0103 [...]Citeste mai multe","og_url":"https:\/\/sepsifood.ro\/ro\/produs\/apa-minerala-dorna-500-ml\/","og_site_name":"Sepsifood","article_modified_time":"2024-04-19T07:57:51+00:00","og_image":[{"width":600,"height":600,"url":"https:\/\/sepsifood.ro\/wp-content\/uploads\/2023\/01\/apa-dorna-minerala-500ml.jpg","type":"image\/jpeg"}],"twitter_card":"summary_large_image","schema":{"@context":"https:\/\/schema.org","@graph":[{"@type":"WebPage","@id":"https:\/\/sepsifood.ro\/ro\/produs\/apa-minerala-dorna-500-ml\/","url":"https:\/\/sepsifood.ro\/ro\/produs\/apa-minerala-dorna-500-ml\/","name":"Ap\u0103 Mineral\u0103 Dorna 500 ml - Sepsifood","isPartOf":{"@id":"https:\/\/sepsifood.ro\/ro\/#website"},"primaryImageOfPage":{"@id":"https:\/\/sepsifood.ro\/ro\/produs\/apa-minerala-dorna-500-ml\/#primaryimage"},"image":{"@id":"https:\/\/sepsifood.ro\/ro\/produs\/apa-minerala-dorna-500-ml\/#primaryimage"},"thumbnailUrl":"https:\/\/sepsifood.ro\/wp-content\/uploads\/2023\/01\/apa-dorna-minerala-500ml.jpg","datePublished":"2023-01-05T13:22:46+00:00","dateModified":"2024-04-19T07:57:51+00:00","breadcrumb":{"@id":"https:\/\/sepsifood.ro\/ro\/produs\/apa-minerala-dorna-500-ml\/#breadcrumb"},"inLanguage":"ro-RO","potentialAction":[{"@type":"ReadAction","target":["https:\/\/sepsifood.ro\/ro\/produs\/apa-minerala-dorna-500-ml\/"]}]},{"@type":"ImageObject","inLanguage":"ro-RO","@id":"https:\/\/sepsifood.ro\/ro\/produs\/apa-minerala-dorna-500-ml\/#primaryimage","url":"https:\/\/sepsifood.ro\/wp-content\/uploads\/2023\/01\/apa-dorna-minerala-500ml.jpg","contentUrl":"https:\/\/sepsifood.ro\/wp-content\/uploads\/2023\/01\/apa-dorna-minerala-500ml.jpg","width":600,"height":600},{"@type":"BreadcrumbList","@id":"https:\/\/sepsifood.ro\/ro\/produs\/apa-minerala-dorna-500-ml\/#breadcrumb","itemListElement":[{"@type":"ListItem","position":1,"name":"Home","item":"https:\/\/sepsifood.ro\/ro\/"},{"@type":"ListItem","position":2,"name":"Produse","item":"https:\/\/sepsifood.ro\/ro\/shop\/"},{"@type":"ListItem","position":3,"name":"Ap\u0103 Mineral\u0103 Dorna 500 ml"}]},{"@type":"WebSite","@id":"https:\/\/sepsifood.ro\/ro\/#website","url":"https:\/\/sepsifood.ro\/ro\/","name":"Sepsifood","description":"","publisher":{"@id":"https:\/\/sepsifood.ro\/ro\/#organization"},"potentialAction":[{"@type":"SearchAction","target":{"@type":"EntryPoint","urlTemplate":"https:\/\/sepsifood.ro\/ro\/?s={search_term_string}"},"query-input":{"@type":"PropertyValueSpecification","valueRequired":true,"valueName":"search_term_string"}}],"inLanguage":"ro-RO"},{"@type":"Organization","@id":"https:\/\/sepsifood.ro\/ro\/#organization","name":"Sepsifood","url":"https:\/\/sepsifood.ro\/ro\/","logo":{"@type":"ImageObject","inLanguage":"ro-RO","@id":"https:\/\/sepsifood.ro\/ro\/#\/schema\/logo\/image\/","url":"https:\/\/sepsifood.ro\/wp-content\/uploads\/2023\/04\/Sepsifood-Logo-removebg-preview_new.png","contentUrl":"https:\/\/sepsifood.ro\/wp-content\/uploads\/2023\/04\/Sepsifood-Logo-removebg-preview_new.png","width":200,"height":200,"caption":"Sepsifood"},"image":{"@id":"https:\/\/sepsifood.ro\/ro\/#\/schema\/logo\/image\/"}}]}},"_links":{"self":[{"href":"https:\/\/sepsifood.ro\/ro\/wp-json\/wp\/v2\/product\/7487","targetHints":{"allow":["GET"]}}],"collection":[{"href":"https:\/\/sepsifood.ro\/ro\/wp-json\/wp\/v2\/product"}],"about":[{"href":"https:\/\/sepsifood.ro\/ro\/wp-json\/wp\/v2\/types\/product"}],"wp:featuredmedia":[{"embeddable":true,"href":"https:\/\/sepsifood.ro\/ro\/wp-json\/wp\/v2\/media\/7742"}],"wp:attachment":[{"href":"https:\/\/sepsifood.ro\/ro\/wp-json\/wp\/v2\/media?parent=7487"}],"wp:term":[{"taxonomy":"product_brand","embeddable":true,"href":"https:\/\/sepsifood.ro\/ro\/wp-json\/wp\/v2\/product_brand?post=7487"},{"taxonomy":"product_cat","embeddable":true,"href":"https:\/\/sepsifood.ro\/ro\/wp-json\/wp\/v2\/product_cat?post=7487"},{"taxonomy":"product_tag","embeddable":true,"href":"https:\/\/sepsifood.ro\/ro\/wp-json\/wp\/v2\/product_tag?post=7487"}],"curies":[{"name":"wp","href":"https:\/\/api.w.org\/{rel}","templated":true}]}}